{"id":1372,"date":"2019-05-10T09:55:20","date_gmt":"2019-05-10T07:55:20","guid":{"rendered":"https:\/\/etdinox.com\/legal-notice\/"},"modified":"2022-02-18T12:49:16","modified_gmt":"2022-02-18T10:49:16","slug":"legal-notice","status":"publish","type":"page","link":"https:\/\/etdinox.com\/en\/legal-notice\/","title":{"rendered":"Legal Notice"},"content":{"rendered":"<p>[et_pb_section fb_built=&#8221;1&#8243; fullwidth=&#8221;on&#8221; _builder_version=&#8221;3.22&#8243; locked=&#8221;off&#8221;][et_pb_fullwidth_header title=&#8221;LEGAL NOTICE&#8221; _builder_version=&#8221;3.19.11&#8243; custom_margin=&#8221;||&#8221; custom_padding=&#8221;30px||30px||true&#8221;][\/et_pb_fullwidth_header][\/et_pb_section][et_pb_section fb_built=&#8221;1&#8243; _builder_version=&#8221;3.22&#8243;][et_pb_row _builder_version=&#8221;3.25&#8243;][et_pb_column type=&#8221;4_4&#8243; _builder_version=&#8221;3.25&#8243; custom_padding=&#8221;|||&#8221; custom_padding__hover=&#8221;|||&#8221;][et_pb_text _builder_version=&#8221;3.27.4&#8243; hover_enabled=&#8221;0&#8243; sticky_enabled=&#8221;0&#8243;]<\/p>\n<p>En cumplimiento del art\u00edculo 10 de la Ley 34\/2002, de 11 de julio, de Servicios de la Sociedad de la Informaci\u00f3n y Comercio Electr\u00f3nico (LSSICE) a continuaci\u00f3n se detallan los datos identificativos de la empresa:<\/p>\n<p>Nombre empresa: ETD INOX INDUSTRIES<br \/>Raz\u00f3n social: ETD INOX INDUSTRIES, S.L.<br \/>NIF: B02275139<br \/>Direcci\u00f3n: Pol. Industrial, Parcelas 52 y 53 \u2013 02200 \u2013 Casas Ib\u00e1\u00f1ez \u2013 ALBACETE<br \/>Tel\u00e9fono: 967462018<br \/>Email: <a href=\"mailto:etdinox@etdinox.com\">etdinox@etdinox.com<\/a><\/p>\n<p>FINALIDAD DE LA P\u00c1GINA WEB.<br \/>Atender sus solicitudes y prestarle nuestros servicios.<br \/>El presente aviso legal (en adelante, el \u201cAviso Legal\u201d) regula el uso del sitio web: https:\/\/etdinox.com<\/p>\n<p>LEGISLACI\u00d3N.<br \/>Con car\u00e1cter general las relaciones entre B02275139 (ETD INOX INDUSTRIES) con los Usuarios de sus servicios telem\u00e1ticos, presentes en este sitio web, se encuentran sometidas a la legislaci\u00f3n y jurisdicci\u00f3n espa\u00f1olas.<\/p>\n<p>USO Y ACCESO DE USUARIOS.<br \/>El Usuario queda informado, y acepta, que el acceso a la presente web no supone, en modo alguno, el inicio de una relaci\u00f3n comercial con ETD INOX INDUSTRIES, S.L. (ETD INOX INDUSTRIES) o cualquiera de sus delegaciones.<\/p>\n<p>PROPIEDAD INTELECTUAL E INDUSTRIAL.<br \/>Los derechos de propiedad intelectual del contenido de las p\u00e1ginas web, su dise\u00f1o gr\u00e1fico y c\u00f3digos son titularidad de ETD INOX INDUSTRIES, S.L. (ETD INOX INDUSTRIES) y, por tanto, queda prohibida su reproducci\u00f3n, distribuci\u00f3n, comunicaci\u00f3n p\u00fablica, transformaci\u00f3n o cualquier otra actividad que se pueda realizar con los contenidos de sus p\u00e1ginas web ni aun citando las fuentes, salvo consentimiento por escrito de ETD INOX INDUSTRIES, S.L. (ETD INOX INDUSTRIES).<\/p>\n<p>CONTENIDO DE LA WEB Y ENLACES (LINKS).<br \/>ETD INOX INDUSTRIES, S.L. (ETD INOX INDUSTRIES) se reserva el derecho a actualizar, modificar o eliminar la informaci\u00f3n contenida en sus p\u00e1ginas web pudiendo incluso limitar o no permitir el acceso a dicha informaci\u00f3n a ciertos usuarios.<\/p>\n<p>ETD INOX INDUSTRIES, S.L. (ETD INOX INDUSTRIES) no asume responsabilidad alguna por la informaci\u00f3n contenida en p\u00e1ginas web de terceros a las que se pueda acceder por \u201clinks\u201d o enlaces desde cualquier p\u00e1gina web propiedad de ETD INOX INDUSTRIES, S.L. (ETD INOX INDUSTRIES). La presencia de \u201clinks\u201d o enlaces en las p\u00e1ginas web de ETD INOX INDUSTRIES, S.L. (ETD INOX INDUSTRIES) tiene finalidad meramente informativa y en ning\u00fan caso supone sugerencia, invitaci\u00f3n o recomendaci\u00f3n sobre los mismos.<\/p>\n<p>[\/et_pb_text][\/et_pb_column][\/et_pb_row][\/et_pb_section]<\/p>\n","protected":false},"excerpt":{"rendered":"<p>En cumplimiento del art\u00edculo 10 de la Ley 34\/2002, de 11 de julio, de Servicios de la Sociedad de la Informaci\u00f3n y Comercio Electr\u00f3nico (LSSICE) a continuaci\u00f3n se detallan los datos identificativos de la empresa: Nombre empresa: ETD INOX INDUSTRIESRaz\u00f3n social: ETD INOX INDUSTRIES, S.L.NIF: B02275139Direcci\u00f3n: Pol. Industrial, Parcelas 52 y 53 \u2013 02200 \u2013 [&hellip;]<\/p>\n","protected":false},"author":1,"featured_media":0,"parent":0,"menu_order":0,"comment_status":"closed","ping_status":"closed","template":"","meta":{"_et_pb_use_builder":"on","_et_pb_old_content":"","_et_gb_content_width":"","footnotes":""},"class_list":["post-1372","page","type-page","status-publish","hentry"],"yoast_head":"<!-- This site is optimized with the Yoast SEO plugin v27.3 - https:\/\/yoast.com\/product\/yoast-seo-wordpress\/ -->\n<title>Legal Notice - ETDInox<\/title>\n<meta name=\"robots\" content=\"index, follow, max-snippet:-1, max-image-preview:large, max-video-preview:-1\" \/>\n<link rel=\"canonical\" href=\"https:\/\/etdinox.com\/aviso-legal\/\" \/>\n<meta property=\"og:locale\" content=\"en_GB\" \/>\n<meta property=\"og:type\" content=\"article\" \/>\n<meta property=\"og:title\" content=\"Legal Notice - ETDInox\" \/>\n<meta property=\"og:description\" content=\"En cumplimiento del art\u00edculo 10 de la Ley 34\/2002, de 11 de julio, de Servicios de la Sociedad de la Informaci\u00f3n y Comercio Electr\u00f3nico (LSSICE) a continuaci\u00f3n se detallan los datos identificativos de la empresa: Nombre empresa: ETD INOX INDUSTRIESRaz\u00f3n social: ETD INOX INDUSTRIES, S.L.NIF: B02275139Direcci\u00f3n: Pol. Industrial, Parcelas 52 y 53 \u2013 02200 \u2013 [&hellip;]\" \/>\n<meta property=\"og:url\" content=\"https:\/\/etdinox.com\/aviso-legal\/\" \/>\n<meta property=\"og:site_name\" content=\"ETDInox\" \/>\n<meta property=\"article:modified_time\" content=\"2022-02-18T10:49:16+00:00\" \/>\n<meta property=\"og:image\" content=\"https:\/\/etdinox.com\/wp-content\/uploads\/2019\/06\/sistemas-instalaciones-industriales-procesos-solidos-liquidos-etdinox.jpg\" \/>\n\t<meta property=\"og:image:width\" content=\"1600\" \/>\n\t<meta property=\"og:image:height\" content=\"772\" \/>\n\t<meta property=\"og:image:type\" content=\"image\/jpeg\" \/>\n<meta name=\"twitter:card\" content=\"summary_large_image\" \/>\n<meta name=\"twitter:label1\" content=\"Estimated reading time\" \/>\n\t<meta name=\"twitter:data1\" content=\"2 minutes\" \/>\n<script type=\"application\/ld+json\" class=\"yoast-schema-graph\">{\"@context\":\"https:\\\/\\\/schema.org\",\"@graph\":[{\"@type\":\"WebPage\",\"@id\":\"https:\\\/\\\/etdinox.com\\\/aviso-legal\\\/\",\"url\":\"https:\\\/\\\/etdinox.com\\\/aviso-legal\\\/\",\"name\":\"Legal Notice - ETDInox\",\"isPartOf\":{\"@id\":\"https:\\\/\\\/etdinox.com\\\/#website\"},\"datePublished\":\"2019-05-10T07:55:20+00:00\",\"dateModified\":\"2022-02-18T10:49:16+00:00\",\"breadcrumb\":{\"@id\":\"https:\\\/\\\/etdinox.com\\\/aviso-legal\\\/#breadcrumb\"},\"inLanguage\":\"en-GB\",\"potentialAction\":[{\"@type\":\"ReadAction\",\"target\":[\"https:\\\/\\\/etdinox.com\\\/aviso-legal\\\/\"]}]},{\"@type\":\"BreadcrumbList\",\"@id\":\"https:\\\/\\\/etdinox.com\\\/aviso-legal\\\/#breadcrumb\",\"itemListElement\":[{\"@type\":\"ListItem\",\"position\":1,\"name\":\"Portada\",\"item\":\"https:\\\/\\\/etdinox.com\\\/\"},{\"@type\":\"ListItem\",\"position\":2,\"name\":\"Legal Notice\"}]},{\"@type\":\"WebSite\",\"@id\":\"https:\\\/\\\/etdinox.com\\\/#website\",\"url\":\"https:\\\/\\\/etdinox.com\\\/\",\"name\":\"ETDInox\",\"description\":\"Construcci\u00f3n y Fabricaci\u00f3n Industrial\",\"publisher\":{\"@id\":\"https:\\\/\\\/etdinox.com\\\/#organization\"},\"potentialAction\":[{\"@type\":\"SearchAction\",\"target\":{\"@type\":\"EntryPoint\",\"urlTemplate\":\"https:\\\/\\\/etdinox.com\\\/?s={search_term_string}\"},\"query-input\":{\"@type\":\"PropertyValueSpecification\",\"valueRequired\":true,\"valueName\":\"search_term_string\"}}],\"inLanguage\":\"en-GB\"},{\"@type\":\"Organization\",\"@id\":\"https:\\\/\\\/etdinox.com\\\/#organization\",\"name\":\"ETDINOX INDUSTRIES - AUTOMATIZACI\u00d3N, ALMACENAMIENTO Y CONDUCCI\u00d3N EN PROCESOS INDUSTRIALES\",\"alternateName\":\"ETDInox\",\"url\":\"https:\\\/\\\/etdinox.com\\\/\",\"logo\":{\"@type\":\"ImageObject\",\"inLanguage\":\"en-GB\",\"@id\":\"https:\\\/\\\/etdinox.com\\\/#\\\/schema\\\/logo\\\/image\\\/\",\"url\":\"https:\\\/\\\/etdinox.com\\\/wp-content\\\/uploads\\\/2018\\\/12\\\/logo-talleresetd-conduccion-dosificacion-liquidos-solidos-autmatizacion-procesos.png\",\"contentUrl\":\"https:\\\/\\\/etdinox.com\\\/wp-content\\\/uploads\\\/2018\\\/12\\\/logo-talleresetd-conduccion-dosificacion-liquidos-solidos-autmatizacion-procesos.png\",\"width\":300,\"height\":175,\"caption\":\"ETDINOX INDUSTRIES - AUTOMATIZACI\u00d3N, ALMACENAMIENTO Y CONDUCCI\u00d3N EN PROCESOS INDUSTRIALES\"},\"image\":{\"@id\":\"https:\\\/\\\/etdinox.com\\\/#\\\/schema\\\/logo\\\/image\\\/\"},\"sameAs\":[\"https:\\\/\\\/www.youtube.com\\\/channel\\\/UC-kdMvTWwO2qc_blWD285SQ\",\"https:\\\/\\\/www.linkedin.com\\\/company\\\/11248153\\\/admin\\\/feed\\\/posts\\\/\"]}]}<\/script>\n<!-- \/ Yoast SEO plugin. -->","yoast_head_json":{"title":"Legal Notice - ETDInox","robots":{"index":"index","follow":"follow","max-snippet":"max-snippet:-1","max-image-preview":"max-image-preview:large","max-video-preview":"max-video-preview:-1"},"canonical":"https:\/\/etdinox.com\/aviso-legal\/","og_locale":"en_GB","og_type":"article","og_title":"Legal Notice - ETDInox","og_description":"En cumplimiento del art\u00edculo 10 de la Ley 34\/2002, de 11 de julio, de Servicios de la Sociedad de la Informaci\u00f3n y Comercio Electr\u00f3nico (LSSICE) a continuaci\u00f3n se detallan los datos identificativos de la empresa: Nombre empresa: ETD INOX INDUSTRIESRaz\u00f3n social: ETD INOX INDUSTRIES, S.L.NIF: B02275139Direcci\u00f3n: Pol. Industrial, Parcelas 52 y 53 \u2013 02200 \u2013 [&hellip;]","og_url":"https:\/\/etdinox.com\/aviso-legal\/","og_site_name":"ETDInox","article_modified_time":"2022-02-18T10:49:16+00:00","og_image":[{"width":1600,"height":772,"url":"https:\/\/etdinox.com\/wp-content\/uploads\/2019\/06\/sistemas-instalaciones-industriales-procesos-solidos-liquidos-etdinox.jpg","type":"image\/jpeg"}],"twitter_card":"summary_large_image","twitter_misc":{"Estimated reading time":"2 minutes"},"schema":{"@context":"https:\/\/schema.org","@graph":[{"@type":"WebPage","@id":"https:\/\/etdinox.com\/aviso-legal\/","url":"https:\/\/etdinox.com\/aviso-legal\/","name":"Legal Notice - ETDInox","isPartOf":{"@id":"https:\/\/etdinox.com\/#website"},"datePublished":"2019-05-10T07:55:20+00:00","dateModified":"2022-02-18T10:49:16+00:00","breadcrumb":{"@id":"https:\/\/etdinox.com\/aviso-legal\/#breadcrumb"},"inLanguage":"en-GB","potentialAction":[{"@type":"ReadAction","target":["https:\/\/etdinox.com\/aviso-legal\/"]}]},{"@type":"BreadcrumbList","@id":"https:\/\/etdinox.com\/aviso-legal\/#breadcrumb","itemListElement":[{"@type":"ListItem","position":1,"name":"Portada","item":"https:\/\/etdinox.com\/"},{"@type":"ListItem","position":2,"name":"Legal Notice"}]},{"@type":"WebSite","@id":"https:\/\/etdinox.com\/#website","url":"https:\/\/etdinox.com\/","name":"ETDInox","description":"Construcci\u00f3n y Fabricaci\u00f3n Industrial","publisher":{"@id":"https:\/\/etdinox.com\/#organization"},"potentialAction":[{"@type":"SearchAction","target":{"@type":"EntryPoint","urlTemplate":"https:\/\/etdinox.com\/?s={search_term_string}"},"query-input":{"@type":"PropertyValueSpecification","valueRequired":true,"valueName":"search_term_string"}}],"inLanguage":"en-GB"},{"@type":"Organization","@id":"https:\/\/etdinox.com\/#organization","name":"ETDINOX INDUSTRIES - AUTOMATIZACI\u00d3N, ALMACENAMIENTO Y CONDUCCI\u00d3N EN PROCESOS INDUSTRIALES","alternateName":"ETDInox","url":"https:\/\/etdinox.com\/","logo":{"@type":"ImageObject","inLanguage":"en-GB","@id":"https:\/\/etdinox.com\/#\/schema\/logo\/image\/","url":"https:\/\/etdinox.com\/wp-content\/uploads\/2018\/12\/logo-talleresetd-conduccion-dosificacion-liquidos-solidos-autmatizacion-procesos.png","contentUrl":"https:\/\/etdinox.com\/wp-content\/uploads\/2018\/12\/logo-talleresetd-conduccion-dosificacion-liquidos-solidos-autmatizacion-procesos.png","width":300,"height":175,"caption":"ETDINOX INDUSTRIES - AUTOMATIZACI\u00d3N, ALMACENAMIENTO Y CONDUCCI\u00d3N EN PROCESOS INDUSTRIALES"},"image":{"@id":"https:\/\/etdinox.com\/#\/schema\/logo\/image\/"},"sameAs":["https:\/\/www.youtube.com\/channel\/UC-kdMvTWwO2qc_blWD285SQ","https:\/\/www.linkedin.com\/company\/11248153\/admin\/feed\/posts\/"]}]}},"_links":{"self":[{"href":"https:\/\/etdinox.com\/en\/wp-json\/wp\/v2\/pages\/1372","targetHints":{"allow":["GET"]}}],"collection":[{"href":"https:\/\/etdinox.com\/en\/wp-json\/wp\/v2\/pages"}],"about":[{"href":"https:\/\/etdinox.com\/en\/wp-json\/wp\/v2\/types\/page"}],"author":[{"embeddable":true,"href":"https:\/\/etdinox.com\/en\/wp-json\/wp\/v2\/users\/1"}],"replies":[{"embeddable":true,"href":"https:\/\/etdinox.com\/en\/wp-json\/wp\/v2\/comments?post=1372"}],"version-history":[{"count":5,"href":"https:\/\/etdinox.com\/en\/wp-json\/wp\/v2\/pages\/1372\/revisions"}],"predecessor-version":[{"id":4797,"href":"https:\/\/etdinox.com\/en\/wp-json\/wp\/v2\/pages\/1372\/revisions\/4797"}],"wp:attachment":[{"href":"https:\/\/etdinox.com\/en\/wp-json\/wp\/v2\/media?parent=1372"}],"curies":[{"name":"wp","href":"https:\/\/api.w.org\/{rel}","templated":true}]}}